{"id":488,"date":"2026-03-31T11:30:03","date_gmt":"2026-03-31T11:30:03","guid":{"rendered":"https:\/\/netpro.rs\/s\/?page_id=488"},"modified":"2026-03-31T11:30:46","modified_gmt":"2026-03-31T11:30:46","slug":"opsti-uslovi-ugovora-2","status":"publish","type":"page","link":"https:\/\/netpro.rs\/s\/opsti-uslovi-ugovora-2\/","title":{"rendered":"opsti-uslovi-ugovora"},"content":{"rendered":"<p>OP\u0160TI USLOVI<br \/>\nPRU\u017dANJA USLUGA INTERNET PRISTUPA NETPRO ISP DOO<br \/>\n1. OP\u0160TE ODREDBE<br \/>\nOvim Op\u0161tim uslovima ure\u0111uju se prava i obaveze izme\u0111u NETPRO ISP DOO (u daljem tekstu: Provajder) i korisnika usluga (u daljem tekstu: Korisnik), u vezi sa pru\u017eanjem usluge internet pristupa.<br \/>\nOvi uslovi \u010dine sastavni deo svakog pojedina\u010dnog ugovora zaklju\u010denog sa Korisnikom.<br \/>\n2. OPIS USLUGE<br \/>\nProvajder pru\u017ea uslugu stalnog internet pristupa putem sopstvene ili iznajmljene elektronske komunikacione mre\u017ee.<br \/>\nKarakteristike usluge (brzina, lokacija, cena) defini\u0161u se ugovorom i\/ili aneksom ugovora.<br \/>\n3. PRAVA I OBAVEZE PROVAJDERA<br \/>\nProvajder se obavezuje da:<br \/>\n    \u2022 obezbedi pristup Internetu u skladu sa ugovorenim parametrima<br \/>\n    \u2022 odr\u017eava funkcionalnost mre\u017ee u okviru svojih tehni\u010dkih mogu\u0107nosti<br \/>\n    \u2022 otklanja smetnje u radu usluge u razumnom roku<br \/>\n    \u2022 obavesti korisnike o planiranim radovima i prekidima kada je to mogu\u0107e<br \/>\nProvajder ima pravo da:<br \/>\n    \u2022 privremeno obustavi uslugu zbog odr\u017eavanja ili unapre\u0111enja mre\u017ee<br \/>\n    \u2022 obustavi uslugu u slu\u010daju nepla\u0107anja ili zloupotrebe<br \/>\n    \u2022 menja cenovnik i uslove uz prethodno obave\u0161tenje<br \/>\n4. PRAVA I OBAVEZE KORISNIKA<br \/>\nKorisnik se obavezuje da:<br \/>\n    \u2022 koristi uslugu u skladu sa va\u017ee\u0107im zakonima<br \/>\n    \u2022 ne zloupotrebljava mre\u017eu (spam, napadi, nelegalan sadr\u017eaj itd.)<br \/>\n    \u2022 obezbedi tehni\u010dke uslove na svojoj strani<br \/>\n    \u2022 pla\u0107a uslugu u ugovorenim rokovima<br \/>\nKorisnik nema pravo da:<br \/>\n    \u2022 vr\u0161i neovla\u0161\u0107ene intervencije na mre\u017ei Provajdera<br \/>\n    \u2022 koristi uslugu za aktivnosti koje mogu ugroziti rad mre\u017ee<br \/>\n5. CENE I PLA\u0106ANJE<br \/>\nCene usluga definisane su ugovorom ili aneksom.<br \/>\nProvajder ima pravo izmene cena u slu\u010daju promena na tr\u017ei\u0161tu, uz obave\u0161tenje Korisniku najmanje 15 dana unapred.<br \/>\n6. OBUSTAVA USLUGE<br \/>\nProvajder mo\u017ee obustaviti uslugu u slu\u010daju:<br \/>\n    \u2022 nepla\u0107anja obaveza<br \/>\n    \u2022 zloupotrebe usluge<br \/>\n    \u2022 ugro\u017eavanja bezbednosti mre\u017ee<br \/>\nUsluga se ponovo aktivira nakon otklanjanja razloga obustave.<br \/>\n7. ODGOVORNOST<br \/>\nProvajder ne snosi odgovornost za prekide u radu usluge koji su posledica:<br \/>\n    \u2022 vi\u0161e sile (nestanak struje, vremenske nepogode, kvarovi kod tre\u0107ih lica)<br \/>\n    \u2022 problema van mre\u017ee Provajdera<br \/>\n    \u2022 neispravne opreme Korisnika<br \/>\n8. ODR\u017dAVANJE I PREKIDI<br \/>\nProvajder ima pravo da vr\u0161i planirane radove na mre\u017ei.<br \/>\nU slu\u010daju hitnih intervencija, prekidi mogu nastati bez prethodne najave.<br \/>\n9. REKLAMACIJE<br \/>\nKorisnik mo\u017ee podneti reklamaciju:<br \/>\n    \u2022 putem email-a:  office@netpro.rs<br \/>\n    \u2022 ili pisanim putem<br \/>\nProvajder je du\u017ean da odgovori na reklamaciju u roku od 8 dana.<br \/>\n10. TEHNI\u010cKA PODR\u0160KA<br \/>\nPodr\u0161ka korisnicima dostupna je putem:<br \/>\n    \u2022 email-a: podrska@netpro.rs<br \/>\n    \u2022 telefona: 0342100200 ili 0800 30 01 98<br \/>\nRadno vreme podr\u0161ke: 09-17h<br \/>\n11. IZMEN\u0415 USLOVA<br \/>\nProvajder ima pravo da menja ove Op\u0161te uslove.<br \/>\nIzmene se objavljuju na web sajtu i stupaju na snagu 15 dana od objave.<br \/>\n12. RASKID UGOVORA<br \/>\nUgovor se mo\u017ee raskinuti u skladu sa odredbama ugovora.<br \/>\nRaskid ne osloba\u0111a strane od obaveza nastalih do trenutka raskida.<br \/>\n13. ZA\u0160TITA PODATAKA<br \/>\nProvajder obra\u0111uje podatke korisnika u skladu sa va\u017ee\u0107im zakonima Republike Srbije.<br \/>\n14. ZAVR\u0160NE ODREDBE<br \/>\nOvi Op\u0161ti uslovi stupaju na snagu danom objave na web sajtu Provajdera<\/p>\n","protected":false},"excerpt":{"rendered":"<p>OP\u0160TI USLOVI PRU\u017dANJA USLUGA INTERNET PRISTUPA NETPRO ISP DOO 1. OP\u0160TE ODREDBE Ovim Op\u0161tim uslovima ure\u0111uju se prava i obaveze izme\u0111u NETPRO ISP DOO (u daljem tekstu: Provajder) i korisnika usluga (u daljem tekstu: Korisnik), u vezi sa pru\u017eanjem usluge internet pristupa. Ovi uslovi \u010dine sastavni deo svakog pojedina\u010dnog ugovora zaklju\u010denog sa Korisnikom. 2. OPIS<\/p>\n","protected":false},"author":1,"featured_media":0,"parent":0,"menu_order":0,"comment_status":"closed","ping_status":"closed","template":"","meta":{"footnotes":""},"class_list":["post-488","page","type-page","status-publish","hentry"],"_links":{"self":[{"href":"https:\/\/netpro.rs\/s\/wp-json\/wp\/v2\/pages\/488","targetHints":{"allow":["GET"]}}],"collection":[{"href":"https:\/\/netpro.rs\/s\/wp-json\/wp\/v2\/pages"}],"about":[{"href":"https:\/\/netpro.rs\/s\/wp-json\/wp\/v2\/types\/page"}],"author":[{"embeddable":true,"href":"https:\/\/netpro.rs\/s\/wp-json\/wp\/v2\/users\/1"}],"replies":[{"embeddable":true,"href":"https:\/\/netpro.rs\/s\/wp-json\/wp\/v2\/comments?post=488"}],"version-history":[{"count":2,"href":"https:\/\/netpro.rs\/s\/wp-json\/wp\/v2\/pages\/488\/revisions"}],"predecessor-version":[{"id":493,"href":"https:\/\/netpro.rs\/s\/wp-json\/wp\/v2\/pages\/488\/revisions\/493"}],"wp:attachment":[{"href":"https:\/\/netpro.rs\/s\/wp-json\/wp\/v2\/media?parent=488"}],"curies":[{"name":"wp","href":"https:\/\/api.w.org\/{rel}","templated":true}]}}