{"id":3,"date":"2018-06-26T16:59:05","date_gmt":"2018-06-26T16:59:05","guid":{"rendered":"http:\/\/netpro.rs\/s\/?page_id=3"},"modified":"2018-08-30T08:33:36","modified_gmt":"2018-08-30T08:33:36","slug":"privacy-policy","status":"publish","type":"page","link":"https:\/\/netpro.rs\/s\/privacy-policy\/","title":{"rendered":"Politika privatnosti"},"content":{"rendered":"<p lang=\"sh-YU\" align=\"JUSTIFY\"><span style=\"font-family: Arial, sans-serif;\"><span style=\"font-size: small;\">Ova Politika primenjuje se samo na transfer informacija kojima je mogu\u0107e identifikovati neko lice (Li\u010dni podaci) i koje NETPRO ISP primi u bilo kom formatu kroz svoje aplikacije.<\/span><\/span><\/p>\n<p lang=\"sh-YU\" align=\"JUSTIFY\"><span style=\"font-family: Arial, sans-serif;\"><span style=\"font-size: small;\">NETPRO ISP \u0107e odr\u017eavati samo one li\u010dne podatke \u010diju je obradu klijent izri\u010dito tra\u017eio.<\/span><\/span><\/p>\n<p lang=\"sh-YU\" align=\"JUSTIFY\"><span style=\"font-family: Arial, sans-serif;\"><span style=\"font-size: small;\"><b>Obave\u0161tenje\/Kori\u0161cenje li\u010dnih podataka<\/b><\/span><\/span><\/p>\n<p lang=\"sh-YU\" align=\"JUSTIFY\"><span style=\"font-family: Arial, sans-serif;\"><span style=\"font-size: small;\">NETPRO ISP ce odr\u017eavati samo one li\u010dne podatke \u010diju su obradu klijenti izri\u010dito tra\u017eili od NETPRO ISPa.<\/span><\/span><\/p>\n<p lang=\"sh-YU\" align=\"JUSTIFY\"><span style=\"font-family: Arial, sans-serif;\"><span style=\"font-size: small;\">Ukoliko NETPRO ISP odlu\u010di da promeni ovu politiku, NETPRO ISP \u0107e postaviti izmene na stranici http:\/\/www.netpro.rs kako bi na\u0161i klijenti, koji je primenjuju i koriste, bili svesni koje li\u010dne podatke NETPRO ISP obra\u0111uje, kako ih NETPRO ISP koristi i pod kojim okolnostima ih NETPRO ISP otkriva, ako je to slucaj. Ukoliko u bilo kom trenutku NETPRO ISP odlu\u010di da na druga\u010diji na\u010din zadr\u017ei ili upotrebi li\u010dne podatke, NETPRO ISP \u0107e e-meilom ili postavljanjem obave\u0161tenja na web sajtu www.netpro.rs obavestiti svoje klijente najmanje 30 dana pre promene u kori\u0161\u0107enju.<\/span><\/span><\/p>\n<p lang=\"sh-YU\" align=\"JUSTIFY\"><span style=\"font-family: Arial, sans-serif;\"><span style=\"font-size: small;\"><b>Integritet podataka<\/b><\/span><\/span><\/p>\n<p lang=\"sh-YU\" align=\"JUSTIFY\"><span style=\"font-family: Arial, sans-serif;\"><span style=\"font-size: small;\">NETPRO ISP ce koristiti licne podatke samo na nacine koji su saglasni sa svrhom za koju su prikupljeni ili za koju su ovla\u0161cenje dali na\u0161i klijenti ili sa va\u017eecim zakonima ili propisima.<\/span><\/span><\/p>\n<p lang=\"sh-YU\" align=\"JUSTIFY\"><span style=\"font-family: Arial, sans-serif;\"><span style=\"font-size: small;\"><b>Bezbednost<\/b><\/span><\/span><\/p>\n<p lang=\"sh-YU\" align=\"JUSTIFY\"><span style=\"font-family: Arial, sans-serif;\"><span style=\"font-size: small;\">NETPRO ISP je obavezan da obezbedi bezbednost licnih podataka koje obradjuje. U cilju sprecavanja neovla\u0161cenog pristupa ili otkrivanja, odr\u017eavanja tacnosti podataka i obezbedjivanja odgovarajuceg kori\u0161cenja licnih podataka, NETPRO ISP je usvojio odgovarajuce fizicke, elektronske i upravne procedure kako bi za\u0161titio i obezbedio licne podatke koje obradjuje. NETPRO ISP nastoji da za\u0161titi privatnost licnih podataka koje obradjuje i slucajno otkrivanje je malo verovatno. U slucaju takvog neplasnkog otkrivanja, NETPRO ISP ce preduzeti komercijalno razumne korake kako bi ogranicio i ispravio otkrivanje podataka.<\/span><\/span><\/p>\n<p lang=\"sh-YU\" align=\"JUSTIFY\"><span style=\"font-family: Arial, sans-serif;\"><span style=\"font-size: small;\"><b>Pristup\/Ispravke<\/b><\/span><\/span><\/p>\n<p lang=\"sh-YU\" align=\"JUSTIFY\"><span style=\"font-family: Arial, sans-serif;\"><span style=\"font-size: small;\">U vecini slucajeva, kada NETPRO ISP prikuplja licne podatke on to cini u ime sopstvene kompanije. Ako \u017eeli da tra\u017ei pristup, ispravku, dopunu ili brisanje ovih licnih podataka klijent treba da kontaktira NETPRO ISP.<\/span><\/span><\/p>\n<p lang=\"sh-YU\" align=\"JUSTIFY\"><span style=\"font-family: Arial, sans-serif;\"><span style=\"font-size: small;\"><b>Nadzor\/Primena<\/b><\/span><\/span><\/p>\n<p lang=\"sh-YU\" align=\"JUSTIFY\"><span style=\"font-family: Arial, sans-serif;\"><span style=\"font-size: small;\">NETPRO ISP ima Rukovodioca za privatnost podataka koji je odgovoran za po\u0161tovanje i primenu ove politike od strane NETPRO ISPa. NETPRO ISPov Rukovodilac za privatnost podataka dostupan je svakom zaposlenom, korisnicima, prodavcima, poslovnim partnerima i svima drugima koji mogu imati pitanja u vezi ove Politike ili praksi bezbednosti podataka. Rukovodioca za privatnost podataka NETPRO ISPa mo\u017eete kontaktirati na e-meil adresi: office@netpro.rs.<\/span><\/span><\/p>\n<p lang=\"sh-YU\" align=\"JUSTIFY\"><span style=\"font-family: Arial, sans-serif;\"><span style=\"font-size: small;\">Po pitanju licnih podataka NETPRO ISP saradjuje sa organima za za\u0161titu licnih podataka.<\/span><\/span><\/p>\n<p lang=\"sh-YU\" align=\"JUSTIFY\"><span style=\"font-family: Arial, sans-serif;\"><span style=\"font-size: small;\"><b>Pravno odricanje odgovornosti<\/b><\/span><\/span><\/p>\n<p lang=\"sh-YU\" align=\"JUSTIFY\"><span style=\"font-family: Arial, sans-serif;\"><span style=\"font-size: small;\">NETPRO ISP mo\u017ee licne podatke otkriti kada to zahteva zakon ili propis ili uveren u dobre namere da je takav postupak nu\u017ean kako bi se ispo\u0161tovali zakonski propisi, po\u0161tovale zakonske obaveze ili za\u0161titila prava, imovina ili licna bezbednost NETPRO ISPa, njegovih korisnika i javnosti.<\/span><\/span><\/p>\n<p lang=\"sh-YU\" align=\"JUSTIFY\"><span style=\"font-family: Arial, sans-serif;\"><span style=\"font-size: small;\"><b>Kolacici i linkovi ka ostalim sajtovima<\/b><\/span><\/span><\/p>\n<p lang=\"sh-YU\" align=\"JUSTIFY\"><span style=\"font-family: Arial, sans-serif;\"><span style=\"font-size: small;\">NETPRO ISP mo\u017ee koristiti kolacice kako bi pobolj\u0161ao iskustva korisnika dok koriste NETPRO ISPov softver. Kolacici su mali delovi podataka koje va\u0161 pretra\u017eivac uskladi\u0161ti lokalno koji pamti informacije i poma\u017ee da se identifikujete na veb sajtovima prilikom kasnijih poseta. Kolacici su jedinstveno dodeljeni nekom kompjuteru i mo\u017ee ih citati samo veb server u domenu koji je izdao kolacic. U principu, kolacici poma\u017eu korisnicima obavljajuci odredjene funkcije kako \u0161to je pamcenje lozinke i licne preferencije u pogledu sajtova.<\/span><\/span><\/p>\n<p lang=\"sh-YU\" align=\"JUSTIFY\"><span style=\"font-family: Arial, sans-serif;\"><span style=\"font-size: small;\">Mo\u017eda cete dobiti mogucnost da prihvatite ili odbijete kolacice. Vecina veb pretra\u017eivaca automatski prihvata kolacice, ali obicno mo\u017eete promeniti pode\u0161avanje svog pretra\u017eivaca tako da odbije kolacic. Alternativno, mo\u017eete izmeniti pode\u0161avanje svog pretra\u017eivaca tako da vas svaki put obavesti kada se kolacic nudi i dozvoli vam da pojedinacno prihvatate ili odbijate kolacice. Medjutim, ukoliko odbijete da prihvatite kolacic, to mo\u017ee ometati rad i negativno uticati na kori\u0161cenje softvera.<\/span><\/span><\/p>\n<p lang=\"sh-YU\" align=\"JUSTIFY\"><span style=\"font-family: Arial, sans-serif;\"><span style=\"font-size: small;\">Na\u0161 softver mo\u017ee sadr\u017eati linkove ka drugim sajtovima. NETPRO ISP nije odgovoran za politiku privatnosti ili sadr\u017eaje tih drugih sajtova.<\/span><\/span><\/p>\n<p lang=\"sh-YU\" align=\"JUSTIFY\"><span style=\"font-family: Arial, sans-serif;\"><span style=\"font-size: small;\"><b>Privatnost dece<\/b><\/span><\/span><\/p>\n<p lang=\"sh-YU\" align=\"JUSTIFY\"><span style=\"font-family: Arial, sans-serif;\"><span style=\"font-size: small;\">NETPRO ISP se obavezuje da ce \u0161tititi potrebe privatnosti dece i podstice roditelje i staratelje da igraju aktivnu ulogu u aktivnostima i interesovanjima njihove dece na mre\u017ei. NETPRO ISP ne prikuplja namerno informacije od dece ispod 13 godina starosti i NETPRO ISP ne usmerava svoj veb sajt niti svoje servise na decu uzrasta ispod 13 godina.<\/span><\/span><\/p>\n","protected":false},"excerpt":{"rendered":"<p>Ova Politika primenjuje se samo na transfer informacija kojima je mogu\u0107e identifikovati neko lice (Li\u010dni podaci) i koje NETPRO ISP primi u bilo kom formatu kroz svoje aplikacije. NETPRO ISP \u0107e odr\u017eavati samo one li\u010dne podatke \u010diju je obradu klijent izri\u010dito tra\u017eio. Obave\u0161tenje\/Kori\u0161cenje li\u010dnih podataka NETPRO ISP ce odr\u017eavati samo one li\u010dne podatke \u010diju su<\/p>\n","protected":false},"author":1,"featured_media":0,"parent":0,"menu_order":0,"comment_status":"closed","ping_status":"open","template":"","meta":{"footnotes":""},"class_list":["post-3","page","type-page","status-publish","hentry"],"_links":{"self":[{"href":"https:\/\/netpro.rs\/s\/wp-json\/wp\/v2\/pages\/3","targetHints":{"allow":["GET"]}}],"collection":[{"href":"https:\/\/netpro.rs\/s\/wp-json\/wp\/v2\/pages"}],"about":[{"href":"https:\/\/netpro.rs\/s\/wp-json\/wp\/v2\/types\/page"}],"author":[{"embeddable":true,"href":"https:\/\/netpro.rs\/s\/wp-json\/wp\/v2\/users\/1"}],"replies":[{"embeddable":true,"href":"https:\/\/netpro.rs\/s\/wp-json\/wp\/v2\/comments?post=3"}],"version-history":[{"count":1,"href":"https:\/\/netpro.rs\/s\/wp-json\/wp\/v2\/pages\/3\/revisions"}],"predecessor-version":[{"id":331,"href":"https:\/\/netpro.rs\/s\/wp-json\/wp\/v2\/pages\/3\/revisions\/331"}],"wp:attachment":[{"href":"https:\/\/netpro.rs\/s\/wp-json\/wp\/v2\/media?parent=3"}],"curies":[{"name":"wp","href":"https:\/\/api.w.org\/{rel}","templated":true}]}}