{"id":290,"date":"2018-08-29T10:19:59","date_gmt":"2018-08-29T10:19:59","guid":{"rendered":"http:\/\/netpro.rs\/s\/?page_id=290"},"modified":"2018-08-29T10:27:17","modified_gmt":"2018-08-29T10:27:17","slug":"mymail-konfiguracija","status":"publish","type":"page","link":"https:\/\/netpro.rs\/s\/mymail-konfiguracija\/","title":{"rendered":"myMAIL konfiguracija"},"content":{"rendered":"<p><strong>Uputstvo za konfiguraciju i upotrebu myMAIL servisa:<\/strong><\/p>\n<p>myMAIL servis mozete koristiti na vise nacina, i to:<\/p>\n<ul>\n<li><strong> Putem myMAIL webmail servisa sa PC racunara<\/strong><\/li>\n<li>U Vasem internet pretrazivacu unesite adresu <a class=\"moz-txt-link-freetext\" href=\"https:\/\/mymail.rs\">https:\/\/mymail.rs<\/a>.<br \/>\nU polju &#8220;korisnicko ime&#8221; unesite vasu kompletnu e-mail adresu.<br \/>\nU polju &#8220;lozinka&#8221; unesite lozinku koju ste dobili a za tu e-mail adresu.<br \/>\nKliknite na dugme &#8220;prijava&#8221;.<\/li>\n<\/ul>\n<p>Nakon izvrsene prijave na myMAIL webmail servis, moci cete da koristite sve pogodnosti myMAIL servisa, odnosno, slanje i primanje poste, sinhronizaciju i uredjivanje vaseg adresara kao i promenu lozinke.<\/p>\n<ul>\n<li><strong> Putem e-mail klijenta<\/strong><\/li>\n<li>Pristup myMAIL serverima je moguc i putem e-mail klijenta koji mozete imati na Vasem racunaru (Microsoft Outlook Express, Microsoft Outlook, Thunderbird&#8230;).<\/li>\n<li><\/li>\n<li>U ovom slucaju, mozete imati kopiju kompletnog mailbox-a na vasem racunaru.<\/li>\n<\/ul>\n<p><strong>Podaci za konfigurisanje e-mail naloga su sledeci:<\/strong><\/p>\n<p><b>POP3 SERVER:<br \/>\n<\/b><br \/>\n<strong>username:<\/strong> Vasa kompletna e-mail adresa<br \/>\n<strong>password:<\/strong> lozinka za Va\u0161 e-mail<br \/>\n<strong>incoming (POP3) server:<\/strong> pop3.mx.rs<br \/>\n<strong>port:<\/strong> 995<br \/>\n<strong>connection security:<\/strong> SSL (SSL\/TLS)<br \/>\n<strong>authentication method:<\/strong> normal password<\/p>\n<p><strong>IMAP SERVER:<\/strong><\/p>\n<p><strong>incoming (IMAP) server<\/strong>: pop3.mx.rs<br \/>\n<strong>port:<\/strong> 993<br \/>\n<strong>connection security:<\/strong> SSL\/TLS<br \/>\n<strong>authentication method:<\/strong> normal password<\/p>\n<p><b>SMTP SERVER<\/b>:<\/p>\n<p><strong>outgoing (SMTP) server:<\/strong> smtp.mx.rs<br \/>\n<strong>port:<\/strong> 465<br \/>\n<strong>connection security:<\/strong> SSL\/TLS<br \/>\n<strong>authentication method:<\/strong> normal password<\/p>\n<p>* konkretni nazivi parametara i opcija se mogu razlikovati u zavisnosti od e-mail klijenta koji koristite, ali parametri su uvek isti.<br \/>\n** preporu\u010deni e-mail klijent je Mozilla Thunderbird koji mo\u017eete preuzeti sa slede\u0107eg linka <a href=\"https:\/\/www.mozilla.org\/en-US\/thunderbird\/\">https:\/\/www.mozilla.org\/en-US\/thunderbird\/<\/a><\/p>\n","protected":false},"excerpt":{"rendered":"<p>Uputstvo za konfiguraciju i upotrebu myMAIL servisa: myMAIL servis mozete koristiti na vise nacina, i to: Putem myMAIL webmail servisa sa PC racunara U Vasem internet pretrazivacu unesite adresu https:\/\/mymail.rs. U polju &#8220;korisnicko ime&#8221; unesite vasu kompletnu e-mail adresu. U polju &#8220;lozinka&#8221; unesite lozinku koju ste dobili a za tu e-mail adresu. Kliknite na dugme<\/p>\n","protected":false},"author":1,"featured_media":112,"parent":0,"menu_order":0,"comment_status":"closed","ping_status":"closed","template":"","meta":{"footnotes":""},"class_list":["post-290","page","type-page","status-publish","has-post-thumbnail","hentry"],"_links":{"self":[{"href":"https:\/\/netpro.rs\/s\/wp-json\/wp\/v2\/pages\/290","targetHints":{"allow":["GET"]}}],"collection":[{"href":"https:\/\/netpro.rs\/s\/wp-json\/wp\/v2\/pages"}],"about":[{"href":"https:\/\/netpro.rs\/s\/wp-json\/wp\/v2\/types\/page"}],"author":[{"embeddable":true,"href":"https:\/\/netpro.rs\/s\/wp-json\/wp\/v2\/users\/1"}],"replies":[{"embeddable":true,"href":"https:\/\/netpro.rs\/s\/wp-json\/wp\/v2\/comments?post=290"}],"version-history":[{"count":2,"href":"https:\/\/netpro.rs\/s\/wp-json\/wp\/v2\/pages\/290\/revisions"}],"predecessor-version":[{"id":293,"href":"https:\/\/netpro.rs\/s\/wp-json\/wp\/v2\/pages\/290\/revisions\/293"}],"wp:featuredmedia":[{"embeddable":true,"href":"https:\/\/netpro.rs\/s\/wp-json\/wp\/v2\/media\/112"}],"wp:attachment":[{"href":"https:\/\/netpro.rs\/s\/wp-json\/wp\/v2\/media?parent=290"}],"curies":[{"name":"wp","href":"https:\/\/api.w.org\/{rel}","templated":true}]}}