{"id":189,"date":"2018-06-27T16:24:05","date_gmt":"2018-06-27T16:24:05","guid":{"rendered":"http:\/\/netpro.rs\/s\/?page_id=189"},"modified":"2020-03-24T09:18:33","modified_gmt":"2020-03-24T09:18:33","slug":"mymail","status":"publish","type":"page","link":"https:\/\/netpro.rs\/s\/mymail\/","title":{"rendered":"myMAIL"},"content":{"rendered":"<div class=\"elementor-widget-container\">\n<div class=\"elementor-text-editor elementor-clearfix elementor-inline-editing\" data-elementor-setting-key=\"editor\" data-elementor-inline-editing-toolbar=\"advanced\">\n<p>MyMAIL servis je ozbiljno poslovno re\u0161enje prilago\u0111eno zahtevima kako malih, tako i velikih kompanija i dolazi u paketu sa myHOST servisom..<\/p>\n<p>Broj e-mail naloga nije ograni\u010den.<\/p>\n<p><!--more--><\/p>\n<p>Kapacitet e-mail prostora je definisan aktivnim hosting paketom, ali i posebno rezervisan i mo\u017ee biti 10 (myHOST basic), 30 (myHOST professional)\u00a0 ili 50GB (myHOST premium).<\/p>\n<p><strong>myMAIL serveri podr\u017eavaju slede\u0107e protokole:<\/strong><\/p>\n<ul>\n<li>SMTP SSL<\/li>\n<li>SMTP STARTTLS<\/li>\n<li>POP3<\/li>\n<li>POP3 SSL<\/li>\n<li>IMAP<\/li>\n<li>IMAP SSL<\/li>\n<\/ul>\n<p>Ukoliko ne \u017eelite da koristite e-mail klijent na ra\u010dunaru, na raspolaganju vam je savremeni webmail server na adresi https:\/\/mymail.rs.<br \/>\nTako\u0111e je omogu\u0107en pristup sa mobilnih ure\u0111aja u svakom trenutku.<\/p>\n<p><a href=\"http:\/\/www.mymail.rs\" target=\"_blank\" rel=\"noopener noreferrer\"><strong><a class=\"maxbutton-1 maxbutton maxbutton-mymail\" target=\"_blank\" title=\"myMAIL Web Mail Services\" rel=\"noopener\" href=\"https:\/\/mymail.rs\"><span class='mb-text'>Otvorite myMAIL<\/span><\/a>\u00a0 \u00a0<a class=\"maxbutton-2 maxbutton maxbutton-mymail-parametri\" title=\"Uputstvo za konfiguraciju i upotrebu myMAIL servisa\" href=\"http:\/\/netpro.rs\/s\/mymail-konfiguracija\/\"><span class='mb-text'>myMAIL parametri<\/span><\/a><\/strong><\/a><\/p>\n<\/div>\n<\/div>\n","protected":false},"excerpt":{"rendered":"<p>MyMAIL servis je ozbiljno poslovno re\u0161enje prilago\u0111eno zahtevima kako malih, tako i velikih kompanija i dolazi u paketu sa myHOST servisom.. Broj e-mail naloga nije ograni\u010den.<\/p>\n","protected":false},"author":1,"featured_media":112,"parent":0,"menu_order":0,"comment_status":"closed","ping_status":"closed","template":"","meta":{"footnotes":""},"class_list":["post-189","page","type-page","status-publish","has-post-thumbnail","hentry"],"_links":{"self":[{"href":"https:\/\/netpro.rs\/s\/wp-json\/wp\/v2\/pages\/189","targetHints":{"allow":["GET"]}}],"collection":[{"href":"https:\/\/netpro.rs\/s\/wp-json\/wp\/v2\/pages"}],"about":[{"href":"https:\/\/netpro.rs\/s\/wp-json\/wp\/v2\/types\/page"}],"author":[{"embeddable":true,"href":"https:\/\/netpro.rs\/s\/wp-json\/wp\/v2\/users\/1"}],"replies":[{"embeddable":true,"href":"https:\/\/netpro.rs\/s\/wp-json\/wp\/v2\/comments?post=189"}],"version-history":[{"count":17,"href":"https:\/\/netpro.rs\/s\/wp-json\/wp\/v2\/pages\/189\/revisions"}],"predecessor-version":[{"id":422,"href":"https:\/\/netpro.rs\/s\/wp-json\/wp\/v2\/pages\/189\/revisions\/422"}],"wp:featuredmedia":[{"embeddable":true,"href":"https:\/\/netpro.rs\/s\/wp-json\/wp\/v2\/media\/112"}],"wp:attachment":[{"href":"https:\/\/netpro.rs\/s\/wp-json\/wp\/v2\/media?parent=189"}],"curies":[{"name":"wp","href":"https:\/\/api.w.org\/{rel}","templated":true}]}}