{"id":162,"date":"2018-06-27T14:59:19","date_gmt":"2018-06-27T14:59:19","guid":{"rendered":"http:\/\/netpro.rs\/s\/?page_id=162"},"modified":"2024-04-08T12:26:15","modified_gmt":"2024-04-08T12:26:15","slug":"kontakt","status":"publish","type":"page","link":"https:\/\/netpro.rs\/s\/kontakt\/","title":{"rendered":"Kontakt"},"content":{"rendered":"\t\t<div data-elementor-type=\"wp-post\" data-elementor-id=\"162\" class=\"elementor elementor-162\">\n\t\t\t\t\t\t<section class=\"elementor-section elementor-top-section elementor-element elementor-element-8a5f150 elementor-section-boxed elementor-section-height-default elementor-section-height-default\" data-id=\"8a5f150\" data-element_type=\"section\" data-e-type=\"section\">\n\t\t\t\t\t\t<div class=\"elementor-container elementor-column-gap-default\">\n\t\t\t\t\t<div class=\"elementor-column elementor-col-50 elementor-top-column elementor-element elementor-element-636e644\" data-id=\"636e644\" data-element_type=\"column\" data-e-type=\"column\">\n\t\t\t<div class=\"elementor-widget-wrap elementor-element-populated\">\n\t\t\t\t\t\t<div class=\"elementor-element elementor-element-6bee4d9 elementor-invisible elementor-widget elementor-widget-google_maps\" data-id=\"6bee4d9\" data-element_type=\"widget\" data-e-type=\"widget\" data-settings=\"{&quot;_animation&quot;:&quot;fadeInLeft&quot;}\" data-widget_type=\"google_maps.default\">\n\t\t\t\t<div class=\"elementor-widget-container\">\n\t\t\t\t\t\t\t<div class=\"elementor-custom-embed\">\n\t\t\t<iframe loading=\"lazy\"\n\t\t\t\t\tsrc=\"https:\/\/maps.google.com\/maps?q=NETPRO%20ISP%2C%20Kragujevac%2C%20Serbia&#038;t=m&#038;z=16&#038;output=embed&#038;iwloc=near\"\n\t\t\t\t\ttitle=\"NETPRO ISP, Kragujevac, Serbia\"\n\t\t\t\t\taria-label=\"NETPRO ISP, Kragujevac, Serbia\"\n\t\t\t><\/iframe>\n\t\t<\/div>\n\t\t\t\t\t\t<\/div>\n\t\t\t\t<\/div>\n\t\t\t\t\t<\/div>\n\t\t<\/div>\n\t\t\t\t<div class=\"elementor-column elementor-col-50 elementor-top-column elementor-element elementor-element-06e6f9f\" data-id=\"06e6f9f\" data-element_type=\"column\" data-e-type=\"column\">\n\t\t\t<div class=\"elementor-widget-wrap elementor-element-populated\">\n\t\t\t\t\t\t<div class=\"elementor-element elementor-element-7af068a elementor-widget elementor-widget-text-editor\" data-id=\"7af068a\" data-element_type=\"widget\" data-e-type=\"widget\" data-widget_type=\"text-editor.default\">\n\t\t\t\t<div class=\"elementor-widget-container\">\n\t\t\t\t\t\t\t\t\t<p><strong>NETPRO ISP DOO<br><\/strong>Adresa: 27. marta 19, 34000 Kragujevac<br>MB: 20081961<br>PIB: 104124207<\/p>\n<p>http:\/\/netpro.rs<br>http:\/\/myhost.rs<br>http:\/\/mymail.rs<\/p>\n<p>E-mail kancelarije: office@netpro.rs<br>E-mail prodaje: prodaja@netpro.rs<br>E-mail podr\u0161ke: podrska@netpro.rs<\/p>\n<p>Telefon: +381 34 21 00 200<br><span style=\"font-size: 13px; letter-spacing: 0px;\">Besplatni poziv (kontakt\/reklamacije): 0800&nbsp;30 01 98<\/span><\/p>\t\t\t\t\t\t\t\t<\/div>\n\t\t\t\t<\/div>\n\t\t\t\t\t<\/div>\n\t\t<\/div>\n\t\t\t\t\t<\/div>\n\t\t<\/section>\n\t\t\t\t<section class=\"elementor-section elementor-top-section elementor-element elementor-element-04518de elementor-section-boxed elementor-section-height-default elementor-section-height-default\" data-id=\"04518de\" data-element_type=\"section\" data-e-type=\"section\">\n\t\t\t\t\t\t<div class=\"elementor-container elementor-column-gap-default\">\n\t\t\t\t\t<div class=\"elementor-column elementor-col-100 elementor-top-column elementor-element elementor-element-a010682\" data-id=\"a010682\" data-element_type=\"column\" data-e-type=\"column\">\n\t\t\t<div class=\"elementor-widget-wrap elementor-element-populated\">\n\t\t\t\t\t\t<div class=\"elementor-element elementor-element-2ba40f6 elementor-widget elementor-widget-text-editor\" data-id=\"2ba40f6\" data-element_type=\"widget\" data-e-type=\"widget\" data-widget_type=\"text-editor.default\">\n\t\t\t\t<div class=\"elementor-widget-container\">\n\t\t\t\t\t\t\t\t\t<p><div class=\"wpforms-container wpforms-container-full\" id=\"wpforms-332\"><form id=\"wpforms-form-332\" class=\"wpforms-validate wpforms-form\" data-formid=\"332\" method=\"post\" enctype=\"multipart\/form-data\" action=\"\/s\/wp-json\/wp\/v2\/pages\/162\" data-token=\"77bd39cc01224aa1909241ee42dfd515\" data-token-time=\"1777905715\"><noscript class=\"wpforms-error-noscript\">Please enable JavaScript in your browser to complete this form.<\/noscript><div class=\"wpforms-field-container\"><div id=\"wpforms-332-field_0-container\" class=\"wpforms-field wpforms-field-name\" data-field-id=\"0\"><label class=\"wpforms-field-label\" for=\"wpforms-332-field_0\">Ime i prezime <span class=\"wpforms-required-label\">*<\/span><\/label><input type=\"text\" id=\"wpforms-332-field_0\" class=\"wpforms-field-medium wpforms-field-required\" name=\"wpforms[fields][0]\" required><\/div><div id=\"wpforms-332-field_4-container\" class=\"wpforms-field wpforms-field-text\" data-field-id=\"4\"><label class=\"wpforms-field-label\" for=\"wpforms-332-field_4\">Mesto <span class=\"wpforms-required-label\">*<\/span><\/label><input type=\"text\" id=\"wpforms-332-field_4\" class=\"wpforms-field-medium wpforms-field-required\" name=\"wpforms[fields][4]\" required><div class=\"wpforms-field-description\">Mesto i po\u0161tanski broj<\/div><\/div><div id=\"wpforms-332-field_1-container\" class=\"wpforms-field wpforms-field-email\" data-field-id=\"1\"><label class=\"wpforms-field-label\" for=\"wpforms-332-field_1\">E-mail <span class=\"wpforms-required-label\">*<\/span><\/label><input type=\"email\" id=\"wpforms-332-field_1\" class=\"wpforms-field-medium wpforms-field-required\" name=\"wpforms[fields][1]\" spellcheck=\"false\" required><\/div><div id=\"wpforms-332-field_3-container\" class=\"wpforms-field wpforms-field-text\" data-field-id=\"3\"><label class=\"wpforms-field-label\" for=\"wpforms-332-field_3\">Broj mobilnog telefona <span class=\"wpforms-required-label\">*<\/span><\/label><input type=\"text\" id=\"wpforms-332-field_3\" class=\"wpforms-field-medium wpforms-field-required\" name=\"wpforms[fields][3]\" required><\/div><div id=\"wpforms-332-field_2-container\" class=\"wpforms-field wpforms-field-textarea\" data-field-id=\"2\"><label class=\"wpforms-field-label\" for=\"wpforms-332-field_2\">Kako mo\u017eemo da vam pomognemo? <span class=\"wpforms-required-label\">*<\/span><\/label><textarea id=\"wpforms-332-field_2\" class=\"wpforms-field-medium wpforms-field-required\" name=\"wpforms[fields][2]\" required><\/textarea><\/div><\/div><!-- .wpforms-field-container --><div class=\"wpforms-field wpforms-field-hp\"><label for=\"wpforms-332-field-hp\" class=\"wpforms-field-label\">Name<\/label><input type=\"text\" name=\"wpforms[hp]\" id=\"wpforms-332-field-hp\" class=\"wpforms-field-medium\"><\/div><div class=\"wpforms-recaptcha-container wpforms-is-recaptcha wpforms-is-recaptcha-type-v2\" ><div class=\"g-recaptcha\" data-sitekey=\"6LeCqYgUAAAAALTd89cQWKXAbpmzpwNHkCWYeaMQ\"><\/div><input type=\"text\" name=\"g-recaptcha-hidden\" class=\"wpforms-recaptcha-hidden\" style=\"position:absolute!important;clip:rect(0,0,0,0)!important;height:1px!important;width:1px!important;border:0!important;overflow:hidden!important;padding:0!important;margin:0!important;\" data-rule-recaptcha=\"1\"><\/div><div class=\"wpforms-submit-container\" ><input type=\"hidden\" name=\"wpforms[id]\" value=\"332\"><input type=\"hidden\" name=\"page_title\" value=\"\"><input type=\"hidden\" name=\"page_url\" value=\"https:\/\/netpro.rs\/s\/wp-json\/wp\/v2\/pages\/162\"><input type=\"hidden\" name=\"url_referer\" value=\"\"><button type=\"submit\" name=\"wpforms[submit]\" id=\"wpforms-submit-332\" class=\"wpforms-submit\" data-alt-text=\"Slanje je u toku...\" data-submit-text=\"Po\u0161alji\" aria-live=\"assertive\" value=\"wpforms-submit\">Po\u0161alji<\/button><\/div><\/form><\/div>  <!-- .wpforms-container --><\/p>\t\t\t\t\t\t\t\t<\/div>\n\t\t\t\t<\/div>\n\t\t\t\t\t<\/div>\n\t\t<\/div>\n\t\t\t\t\t<\/div>\n\t\t<\/section>\n\t\t\t\t<section class=\"elementor-section elementor-top-section elementor-element elementor-element-a667e86 elementor-section-boxed elementor-section-height-default elementor-section-height-default\" data-id=\"a667e86\" data-element_type=\"section\" data-e-type=\"section\">\n\t\t\t\t\t\t<div class=\"elementor-container elementor-column-gap-default\">\n\t\t\t\t\t<div class=\"elementor-column elementor-col-100 elementor-top-column elementor-element elementor-element-c646459\" data-id=\"c646459\" data-element_type=\"column\" data-e-type=\"column\">\n\t\t\t<div class=\"elementor-widget-wrap elementor-element-populated\">\n\t\t\t\t\t\t<div class=\"elementor-element elementor-element-0b26d07 elementor-widget elementor-widget-text-editor\" data-id=\"0b26d07\" data-element_type=\"widget\" data-e-type=\"widget\" data-widget_type=\"text-editor.default\">\n\t\t\t\t<div class=\"elementor-widget-container\">\n\t\t\t\t\t\t\t\t\t<p style=\"background-repeat: no-repeat; margin-bottom: 14px; font-size: 12px; color: #333333; font-family: arial, tahoma, helvetica; font-style: normal; font-weight: 400;\">Reklamacije se dostavljaju isklju\u010divo u pisanoj formi elektronskom po\u0161tom na adresu reklamacije@netpro.rs\u00a0ili li\u010dno u kancelariju NETPRO ISP doo. Reklamacija, pored navo\u0111enja razloga, obavezno treba da sadr\u017ei korisni\u010dki id ili korisni\u010dko ime. Reklamacije mogu biti poslate isklju\u010divo sa registrovanih email adresa sadr\u017eanih u ugovoru sa korisnikom.<\/p>\t\t\t\t\t\t\t\t<\/div>\n\t\t\t\t<\/div>\n\t\t\t\t\t<\/div>\n\t\t<\/div>\n\t\t\t\t\t<\/div>\n\t\t<\/section>\n\t\t\t\t<\/div>\n\t\t","protected":false},"excerpt":{"rendered":"<p>NETPRO ISP DOOAdresa: 27. marta 19, 34000 KragujevacMB: 20081961PIB: 104124207 http:\/\/netpro.rshttp:\/\/myhost.rshttp:\/\/mymail.rs E-mail kancelarije: office@netpro.rsE-mail prodaje: prodaja@netpro.rsE-mail podr\u0161ke: podrska@netpro.rs Telefon: +381 34 21 00 200Besplatni poziv (kontakt\/reklamacije): 0800&nbsp;30 01 98 Reklamacije se dostavljaju isklju\u010divo u pisanoj formi elektronskom po\u0161tom na adresu reklamacije@netpro.rs\u00a0ili li\u010dno u kancelariju NETPRO ISP doo. Reklamacija, pored navo\u0111enja razloga, obavezno treba da sadr\u017ei<\/p>\n","protected":false},"author":1,"featured_media":0,"parent":0,"menu_order":0,"comment_status":"closed","ping_status":"closed","template":"","meta":{"footnotes":""},"class_list":["post-162","page","type-page","status-publish","hentry"],"_links":{"self":[{"href":"https:\/\/netpro.rs\/s\/wp-json\/wp\/v2\/pages\/162","targetHints":{"allow":["GET"]}}],"collection":[{"href":"https:\/\/netpro.rs\/s\/wp-json\/wp\/v2\/pages"}],"about":[{"href":"https:\/\/netpro.rs\/s\/wp-json\/wp\/v2\/types\/page"}],"author":[{"embeddable":true,"href":"https:\/\/netpro.rs\/s\/wp-json\/wp\/v2\/users\/1"}],"replies":[{"embeddable":true,"href":"https:\/\/netpro.rs\/s\/wp-json\/wp\/v2\/comments?post=162"}],"version-history":[{"count":12,"href":"https:\/\/netpro.rs\/s\/wp-json\/wp\/v2\/pages\/162\/revisions"}],"predecessor-version":[{"id":467,"href":"https:\/\/netpro.rs\/s\/wp-json\/wp\/v2\/pages\/162\/revisions\/467"}],"wp:attachment":[{"href":"https:\/\/netpro.rs\/s\/wp-json\/wp\/v2\/media?parent=162"}],"curies":[{"name":"wp","href":"https:\/\/api.w.org\/{rel}","templated":true}]}}