{"id":136,"date":"2018-06-27T13:04:11","date_gmt":"2018-06-27T13:04:11","guid":{"rendered":"http:\/\/netpro.rs\/s\/?page_id=136"},"modified":"2018-09-20T12:31:44","modified_gmt":"2018-09-20T12:31:44","slug":"mydirectnet","status":"publish","type":"page","link":"https:\/\/netpro.rs\/s\/mydirectnet\/","title":{"rendered":"myDIRECTnet"},"content":{"rendered":"<p><strong>Direktan pristup internetu je namenjen onim korisnicima kojima su garantovani kvalitet, garantovana brzina i visok nivo pouzdanosti prioritet.<\/strong><\/p>\n<p>Ovaj na\u010din pristupa internetu karakteri\u0161e simetri\u010dna dolazna i odlazna brzina linka. <!--more-->Na taj na\u010din je omogu\u0107en izlazak velikog broja ra\u010dunara na internet, kao i posedovanja sopstvenih servera koji \u0107e biti dostupni sa interneta.<\/p>\n<p>Za konkretna pitanja i ponudu, kontaktirajte nas slede\u0107im putem:<\/p>\n<p>Telefon: 034 21 00 200<\/p>\n<p>E-mail: prodaja@netpro.rs<\/p>\n<p><strong>Ukoliko \u017eelite da nas kontaktirate i raspitate se o konkretnoj usluzi, tehnologiji prenosa i brzini interneta koja vam je potrebna, kao i da dobijete konkretnu ponudu, to mo\u017eete u\u010diniti putem naredne forme:<\/strong><\/p>\n<div class=\"wpforms-container wpforms-container-full\" id=\"wpforms-389\"><form id=\"wpforms-form-389\" class=\"wpforms-validate wpforms-form\" data-formid=\"389\" method=\"post\" enctype=\"multipart\/form-data\" action=\"\/s\/wp-json\/wp\/v2\/pages\/136\" data-token=\"342a9f120a8c6c6b2fbb4da954be6ee5\" data-token-time=\"1776780987\"><noscript class=\"wpforms-error-noscript\">Please enable JavaScript in your browser to complete this form.<\/noscript><div class=\"wpforms-field-container\"><div id=\"wpforms-389-field_1-container\" class=\"wpforms-field wpforms-field-text\" data-field-id=\"1\"><label class=\"wpforms-field-label\" for=\"wpforms-389-field_1\">Ime <span class=\"wpforms-required-label\">*<\/span><\/label><input type=\"text\" id=\"wpforms-389-field_1\" class=\"wpforms-field-medium wpforms-field-required\" name=\"wpforms[fields][1]\" required><div class=\"wpforms-field-description\">Unesite Va\u0161e ime<\/div><\/div><div id=\"wpforms-389-field_2-container\" class=\"wpforms-field wpforms-field-text\" data-field-id=\"2\"><label class=\"wpforms-field-label\" for=\"wpforms-389-field_2\">Prezime <span class=\"wpforms-required-label\">*<\/span><\/label><input type=\"text\" id=\"wpforms-389-field_2\" class=\"wpforms-field-medium wpforms-field-required\" name=\"wpforms[fields][2]\" required><div class=\"wpforms-field-description\">Unesite Va\u0161e prezime<\/div><\/div><div id=\"wpforms-389-field_3-container\" class=\"wpforms-field wpforms-field-text\" data-field-id=\"3\"><label class=\"wpforms-field-label\" for=\"wpforms-389-field_3\">Ulica i broj <span class=\"wpforms-required-label\">*<\/span><\/label><input type=\"text\" id=\"wpforms-389-field_3\" class=\"wpforms-field-medium wpforms-field-required\" name=\"wpforms[fields][3]\" required><div class=\"wpforms-field-description\">Unesite ulicu i broj objekta<\/div><\/div><div id=\"wpforms-389-field_4-container\" class=\"wpforms-field wpforms-field-text\" data-field-id=\"4\"><label class=\"wpforms-field-label\" for=\"wpforms-389-field_4\">Unesite mesto i po\u0161tanski broj <span class=\"wpforms-required-label\">*<\/span><\/label><input type=\"text\" id=\"wpforms-389-field_4\" class=\"wpforms-field-medium wpforms-field-required\" name=\"wpforms[fields][4]\" required><\/div><div id=\"wpforms-389-field_5-container\" class=\"wpforms-field wpforms-field-text\" data-field-id=\"5\"><label class=\"wpforms-field-label\" for=\"wpforms-389-field_5\">Unseite broj fiksnog telefona<\/label><input type=\"text\" id=\"wpforms-389-field_5\" class=\"wpforms-field-medium\" name=\"wpforms[fields][5]\" ><\/div><div id=\"wpforms-389-field_6-container\" class=\"wpforms-field wpforms-field-text\" data-field-id=\"6\"><label class=\"wpforms-field-label\" for=\"wpforms-389-field_6\">Unesite broj mobilnog telefona <span class=\"wpforms-required-label\">*<\/span><\/label><input type=\"text\" id=\"wpforms-389-field_6\" class=\"wpforms-field-medium wpforms-field-required\" name=\"wpforms[fields][6]\" required><\/div><div id=\"wpforms-389-field_7-container\" class=\"wpforms-field wpforms-field-text\" data-field-id=\"7\"><label class=\"wpforms-field-label\" for=\"wpforms-389-field_7\">Unesite e-mail adresu <span class=\"wpforms-required-label\">*<\/span><\/label><input type=\"text\" id=\"wpforms-389-field_7\" class=\"wpforms-field-medium wpforms-field-required\" name=\"wpforms[fields][7]\" required><\/div><div id=\"wpforms-389-field_8-container\" class=\"wpforms-field wpforms-field-text\" data-field-id=\"8\"><label class=\"wpforms-field-label\" for=\"wpforms-389-field_8\">Unesite ime kompanije <span class=\"wpforms-required-label\">*<\/span><\/label><input type=\"text\" id=\"wpforms-389-field_8\" class=\"wpforms-field-medium wpforms-field-required\" name=\"wpforms[fields][8]\" required><\/div><div id=\"wpforms-389-field_9-container\" class=\"wpforms-field wpforms-field-text\" data-field-id=\"9\"><label class=\"wpforms-field-label\" for=\"wpforms-389-field_9\">Unesite mati\u010dni broj kompanije<\/label><input type=\"text\" id=\"wpforms-389-field_9\" class=\"wpforms-field-medium\" name=\"wpforms[fields][9]\" ><\/div><div id=\"wpforms-389-field_10-container\" class=\"wpforms-field wpforms-field-text\" data-field-id=\"10\"><label class=\"wpforms-field-label\" for=\"wpforms-389-field_10\">Unesite PIB kompanije<\/label><input type=\"text\" id=\"wpforms-389-field_10\" class=\"wpforms-field-medium\" name=\"wpforms[fields][10]\" ><\/div><div id=\"wpforms-389-field_15-container\" class=\"wpforms-field wpforms-field-select\" data-field-id=\"15\"><label class=\"wpforms-field-label\" for=\"wpforms-389-field_15\">Odaberite brzinu dolaznog saobra\u0107aja<\/label><select id=\"wpforms-389-field_15\" class=\"wpforms-field-medium\" name=\"wpforms[fields][15]\"><option value=\"2 Mb\/s\"  class=\"choice-1 depth-1\"  >2 Mb\/s<\/option><option value=\"4 Mb\/s\"  class=\"choice-2 depth-1\"  >4 Mb\/s<\/option><option value=\"6 Mb\/s\"  class=\"choice-3 depth-1\"  >6 Mb\/s<\/option><option value=\"8 Mb\/s\"  class=\"choice-6 depth-1\"  >8 Mb\/s<\/option><option value=\"10 Mb\/s\"  class=\"choice-5 depth-1\"  >10 Mb\/s<\/option><option value=\"15 Mb\/s\"  class=\"choice-4 depth-1\"  >15 Mb\/s<\/option><option value=\"20 Mb\/s\"  class=\"choice-7 depth-1\"  >20 Mb\/s<\/option><option value=\"30 Mb\/s\"  class=\"choice-8 depth-1\"  >30 Mb\/s<\/option><option value=\"40 Mb\/s\"  class=\"choice-9 depth-1\"  >40 Mb\/s<\/option><option value=\"50 Mb\/s\"  class=\"choice-10 depth-1\"  >50 Mb\/s<\/option><option value=\"75 Mb\/s\"  class=\"choice-11 depth-1\"  >75 Mb\/s<\/option><option value=\"100 Mb\/s\"  selected='selected' class=\"choice-12 depth-1\"  >100 Mb\/s<\/option><\/select><\/div><div id=\"wpforms-389-field_16-container\" class=\"wpforms-field wpforms-field-select\" data-field-id=\"16\"><label class=\"wpforms-field-label\" for=\"wpforms-389-field_16\">Odaberite brzinu odlaznog saobra\u0107aja<\/label><select id=\"wpforms-389-field_16\" class=\"wpforms-field-medium\" name=\"wpforms[fields][16]\"><option value=\"2 Mb\/s\"  class=\"choice-1 depth-1\"  >2 Mb\/s<\/option><option value=\"4 Mb\/s\"  class=\"choice-2 depth-1\"  >4 Mb\/s<\/option><option value=\"6 Mb\/s\"  class=\"choice-3 depth-1\"  >6 Mb\/s<\/option><option value=\"8 Mb\/s\"  class=\"choice-6 depth-1\"  >8 Mb\/s<\/option><option value=\"10 Mb\/s\"  class=\"choice-5 depth-1\"  >10 Mb\/s<\/option><option value=\"15 Mb\/s\"  class=\"choice-4 depth-1\"  >15 Mb\/s<\/option><option value=\"20 Mb\/s\"  class=\"choice-7 depth-1\"  >20 Mb\/s<\/option><option value=\"30 Mb\/s\"  class=\"choice-8 depth-1\"  >30 Mb\/s<\/option><option value=\"40 Mb\/s\"  class=\"choice-9 depth-1\"  >40 Mb\/s<\/option><option value=\"50 Mb\/s\"  class=\"choice-10 depth-1\"  >50 Mb\/s<\/option><option value=\"75 Mb\/s\"  class=\"choice-11 depth-1\"  >75 Mb\/s<\/option><option value=\"100 Mb\/s\"  selected='selected' class=\"choice-12 depth-1\"  >100 Mb\/s<\/option><\/select><\/div><\/div><!-- .wpforms-field-container --><div class=\"wpforms-field wpforms-field-hp\"><label for=\"wpforms-389-field-hp\" class=\"wpforms-field-label\">Phone<\/label><input type=\"text\" name=\"wpforms[hp]\" id=\"wpforms-389-field-hp\" class=\"wpforms-field-medium\"><\/div><div class=\"wpforms-recaptcha-container wpforms-is-recaptcha wpforms-is-recaptcha-type-v2\" ><div class=\"g-recaptcha\" data-sitekey=\"6LeCqYgUAAAAALTd89cQWKXAbpmzpwNHkCWYeaMQ\"><\/div><input type=\"text\" name=\"g-recaptcha-hidden\" class=\"wpforms-recaptcha-hidden\" style=\"position:absolute!important;clip:rect(0,0,0,0)!important;height:1px!important;width:1px!important;border:0!important;overflow:hidden!important;padding:0!important;margin:0!important;\" data-rule-recaptcha=\"1\"><\/div><div class=\"wpforms-submit-container\" ><input type=\"hidden\" name=\"wpforms[id]\" value=\"389\"><input type=\"hidden\" name=\"page_title\" value=\"\"><input type=\"hidden\" name=\"page_url\" value=\"https:\/\/netpro.rs\/s\/wp-json\/wp\/v2\/pages\/136\"><input type=\"hidden\" name=\"url_referer\" value=\"\"><button type=\"submit\" name=\"wpforms[submit]\" id=\"wpforms-submit-389\" class=\"wpforms-submit\" data-alt-text=\"Slanje u toku...\" data-submit-text=\"Po\u0161aljite zahtev\" aria-live=\"assertive\" value=\"wpforms-submit\">Po\u0161aljite zahtev<\/button><\/div><\/form><\/div>  <!-- .wpforms-container -->\n","protected":false},"excerpt":{"rendered":"<p>Direktan pristup internetu je namenjen onim korisnicima kojima su garantovani kvalitet, garantovana brzina i visok nivo pouzdanosti prioritet. Ovaj na\u010din pristupa internetu karakteri\u0161e simetri\u010dna dolazna i odlazna brzina linka.<\/p>\n","protected":false},"author":1,"featured_media":246,"parent":0,"menu_order":0,"comment_status":"closed","ping_status":"closed","template":"","meta":{"footnotes":""},"class_list":["post-136","page","type-page","status-publish","has-post-thumbnail","hentry"],"_links":{"self":[{"href":"https:\/\/netpro.rs\/s\/wp-json\/wp\/v2\/pages\/136","targetHints":{"allow":["GET"]}}],"collection":[{"href":"https:\/\/netpro.rs\/s\/wp-json\/wp\/v2\/pages"}],"about":[{"href":"https:\/\/netpro.rs\/s\/wp-json\/wp\/v2\/types\/page"}],"author":[{"embeddable":true,"href":"https:\/\/netpro.rs\/s\/wp-json\/wp\/v2\/users\/1"}],"replies":[{"embeddable":true,"href":"https:\/\/netpro.rs\/s\/wp-json\/wp\/v2\/comments?post=136"}],"version-history":[{"count":5,"href":"https:\/\/netpro.rs\/s\/wp-json\/wp\/v2\/pages\/136\/revisions"}],"predecessor-version":[{"id":390,"href":"https:\/\/netpro.rs\/s\/wp-json\/wp\/v2\/pages\/136\/revisions\/390"}],"wp:featuredmedia":[{"embeddable":true,"href":"https:\/\/netpro.rs\/s\/wp-json\/wp\/v2\/media\/246"}],"wp:attachment":[{"href":"https:\/\/netpro.rs\/s\/wp-json\/wp\/v2\/media?parent=136"}],"curies":[{"name":"wp","href":"https:\/\/api.w.org\/{rel}","templated":true}]}}