{"id":128,"date":"2018-06-27T12:56:55","date_gmt":"2018-06-27T12:56:55","guid":{"rendered":"http:\/\/netpro.rs\/s\/?page_id=128"},"modified":"2018-06-28T08:30:42","modified_gmt":"2018-06-28T08:30:42","slug":"l2vpn","status":"publish","type":"page","link":"https:\/\/netpro.rs\/s\/l2vpn\/","title":{"rendered":"myL2vpn"},"content":{"rendered":"<p>Imate potrebu za umre\u017eavanjem udaljenih poslovnica?<\/p>\n<p>Nikakav problem! Kroz na\u0161e tehni\u010dko re\u0161enje, udaljene poslovnice \u0107e funkcionisati kao da su sastavni deo Va\u0161e lokalne mre\u017ee uz minimalne tro\u0161kove.<!--more--><\/p>\n<p>Tako\u0111e, uz L2VPN paket, ukoliko \u017eelite, mo\u017eete dobiti i internet pristup iste brzine bez dodatnog pla\u0107anja.<\/p>\n<p>Kompletnu opremu i odr\u017eavanje u roku va\u017eenja ugovorne obaveze mi obezbe\u0111ujemo.<\/p>\n<p>Minimalan broj poslovnica za povezivanje je 2.<\/p>\n<p>Za konkretna pitanja i ponudu, kontaktirajte nas slede\u0107im putem:<\/p>\n<p>Telefon: 034 21 00 200<\/p>\n<p>E-mail: prodaja@netpro.rs<\/p>\n","protected":false},"excerpt":{"rendered":"<p>Imate potrebu za umre\u017eavanjem udaljenih poslovnica? Nikakav problem! Kroz na\u0161e tehni\u010dko re\u0161enje, udaljene poslovnice \u0107e funkcionisati kao da su sastavni deo Va\u0161e lokalne mre\u017ee uz minimalne tro\u0161kove.<\/p>\n","protected":false},"author":1,"featured_media":107,"parent":0,"menu_order":0,"comment_status":"closed","ping_status":"closed","template":"","meta":{"footnotes":""},"class_list":["post-128","page","type-page","status-publish","has-post-thumbnail","hentry"],"_links":{"self":[{"href":"https:\/\/netpro.rs\/s\/wp-json\/wp\/v2\/pages\/128","targetHints":{"allow":["GET"]}}],"collection":[{"href":"https:\/\/netpro.rs\/s\/wp-json\/wp\/v2\/pages"}],"about":[{"href":"https:\/\/netpro.rs\/s\/wp-json\/wp\/v2\/types\/page"}],"author":[{"embeddable":true,"href":"https:\/\/netpro.rs\/s\/wp-json\/wp\/v2\/users\/1"}],"replies":[{"embeddable":true,"href":"https:\/\/netpro.rs\/s\/wp-json\/wp\/v2\/comments?post=128"}],"version-history":[{"count":5,"href":"https:\/\/netpro.rs\/s\/wp-json\/wp\/v2\/pages\/128\/revisions"}],"predecessor-version":[{"id":160,"href":"https:\/\/netpro.rs\/s\/wp-json\/wp\/v2\/pages\/128\/revisions\/160"}],"wp:featuredmedia":[{"embeddable":true,"href":"https:\/\/netpro.rs\/s\/wp-json\/wp\/v2\/media\/107"}],"wp:attachment":[{"href":"https:\/\/netpro.rs\/s\/wp-json\/wp\/v2\/media?parent=128"}],"curies":[{"name":"wp","href":"https:\/\/api.w.org\/{rel}","templated":true}]}}